{"id":8197,"date":"2023-04-12T13:36:21","date_gmt":"2023-04-12T10:36:21","guid":{"rendered":"http:\/\/localhost\/ist\/?page_id=8197"},"modified":"2025-10-22T13:24:37","modified_gmt":"2025-10-22T10:24:37","slug":"kurumsal","status":"publish","type":"page","link":"https:\/\/isoturk.com.tr\/en\/kurumsal\/","title":{"rendered":"Corporate"},"content":{"rendered":"<div data-elementor-type=\"wp-page\" data-elementor-id=\"8197\" class=\"elementor elementor-8197\">\n\t\t\t\t\t\t\t        <section class=\"elementor-section elementor-top-section elementor-element elementor-element-75c8fad elementor-section-boxed elementor-section-height-default elementor-section-height-default ct-header-fixed-none ct-row-max-none\" data-id=\"75c8fad\" data-element_type=\"section\">\n            \n                        <div class=\"elementor-container elementor-column-gap-extended\">\n                    <div class=\"elementor-column elementor-col-50 elementor-top-column elementor-element elementor-element-c05ef32\" data-id=\"c05ef32\" data-element_type=\"column\">\n            <div class=\"elementor-widget-wrap elementor-element-populated\">\n                        \t\t<div class=\"elementor-element elementor-element-42778de elementor-widget elementor-widget-ct_heading\" data-id=\"42778de\" data-element_type=\"widget\" data-widget_type=\"ct_heading.default\">\n\t\t\t\t<div class=\"elementor-widget-container\">\n\t\t\t<div id=\"ct_heading-42778de\" class=\"ct-heading h-align- sub- ct-heading-left item-st-line-left1\">\r\n\t<div class=\"ct-item--inner\">\r\n        <div class=\"ct-inline-css\"  data-css=\"            \">\r\n        <\/div>\r\n                <h3 class=\"item--title st-line-left1 case-animate-time\" data-wow-delay=\"ms\">\r\n                        <span class=\"sp-main\">\r\n                                    <i><\/i>\r\n                \r\n                Who are we ?\r\n                \r\n                            <\/span>\r\n                    <\/h3>\r\n    <\/div>\r\n<\/div>\t\t<\/div>\n\t\t\t\t<\/div>\n\t\t        <section class=\"elementor-section elementor-inner-section elementor-element elementor-element-13192d2 elementor-section-boxed elementor-section-height-default elementor-section-height-default ct-header-fixed-none ct-row-max-none\" data-id=\"13192d2\" data-element_type=\"section\">\n            \n                        <div class=\"elementor-container elementor-column-gap-extended\">\n                    <div class=\"elementor-column elementor-col-100 elementor-inner-column elementor-element elementor-element-7feffe5\" data-id=\"7feffe5\" data-element_type=\"column\">\n            <div class=\"elementor-widget-wrap elementor-element-populated\">\n                        \t\t<div class=\"elementor-element elementor-element-1d7478e elementor-widget elementor-widget-text-editor\" data-id=\"1d7478e\" data-element_type=\"widget\" data-widget_type=\"text-editor.default\">\n\t\t\t\t<div class=\"elementor-widget-container\">\n\t\t\t<style>\/*! elementor - v3.18.0 - 20-12-2023 *\/\n.elementor-widget-text-editor.elementor-drop-cap-view-stacked .elementor-drop-cap{background-color:#69727d;color:#fff}.elementor-widget-text-editor.elementor-drop-cap-view-framed .elementor-drop-cap{color:#69727d;border:3px solid;background-color:transparent}.elementor-widget-text-editor:not(.elementor-drop-cap-view-default) .elementor-drop-cap{margin-top:8px}.elementor-widget-text-editor:not(.elementor-drop-cap-view-default) .elementor-drop-cap-letter{width:1em;height:1em}.elementor-widget-text-editor .elementor-drop-cap{float:left;text-align:center;line-height:1;font-size:50px}.elementor-widget-text-editor .elementor-drop-cap-letter{display:inline-block}<\/style>\t\t\t\t<p>Construction Engineer \u0130slam \u00d6zt\u00fcrk started to work as a wholesaler in the construction sector in the factory construction of his father in 1980.<\/p><p>He worked with his father on various constructions and worked from the core. In 1990 he started to Istanbul Technical University \/ Department of Civil Engineering. During the school period, he continued his work life with his father and strengthened his experiences. In 1995, he graduated as Construction Engineer. After graduation, he worked freely in the construction industry for 3 years.<\/p><p>In 1998, Isoturk Construction Industry and Trade Limited Company was established. \u0130soturk; Architectural, engineering (Soil Survey, Static, Mechanical, Electrical) project services for construction of Infrastructure Investments, Industrial, Business and Trade Centers, Tourism, Education, Health, Social and Sports Facilities, Housing, Collective Settlement Centers and Turnkey Smart Buildings, earthquake strengthening projects and applications.<\/p>\t\t\t\t\t\t<\/div>\n\t\t\t\t<\/div>\n\t\t            <\/div>\n        <\/div>\n                            <\/div>\n        <\/section>\n                    <\/div>\n        <\/div>\n                <div class=\"elementor-column elementor-col-50 elementor-top-column elementor-element elementor-element-8e6cd5a\" data-id=\"8e6cd5a\" data-element_type=\"column\">\n            <div class=\"elementor-widget-wrap elementor-element-populated\">\n                        \t\t<div class=\"elementor-element elementor-element-d71c193 elementor-widget elementor-widget-image\" data-id=\"d71c193\" data-element_type=\"widget\" data-widget_type=\"image.default\">\n\t\t\t\t<div class=\"elementor-widget-container\">\n\t\t\t<style>\/*! elementor - v3.18.0 - 20-12-2023 *\/\n.elementor-widget-image{text-align:center}.elementor-widget-image a{display:inline-block}.elementor-widget-image a img[src$=\".svg\"]{width:48px}.elementor-widget-image img{vertical-align:middle;display:inline-block}<\/style>\t\t\t\t\t\t\t\t\t\t\t\t<img fetchpriority=\"high\" decoding=\"async\" width=\"591\" height=\"657\" src=\"https:\/\/isoturk.com.tr\/wp-content\/uploads\/2023\/04\/hakkimizda-g-en.png\" class=\"attachment-full size-full wp-image-8207\" alt=\"\" \/>\t\t\t\t\t\t\t\t\t\t\t\t\t\t\t<\/div>\n\t\t\t\t<\/div>\n\t\t            <\/div>\n        <\/div>\n                            <\/div>\n        <\/section>\n                <section class=\"elementor-section elementor-top-section elementor-element elementor-element-2539eee elementor-section-stretched elementor-section-boxed elementor-section-height-default elementor-section-height-default ct-header-fixed-none ct-row-max-none\" data-id=\"2539eee\" data-element_type=\"section\" data-settings=\"{&quot;stretch_section&quot;:&quot;section-stretched&quot;,&quot;background_background&quot;:&quot;classic&quot;}\">\n            \n                        <div class=\"elementor-container elementor-column-gap-default\">\n                    <div class=\"elementor-column elementor-col-100 elementor-top-column elementor-element elementor-element-41c2251\" data-id=\"41c2251\" data-element_type=\"column\">\n            <div class=\"elementor-widget-wrap elementor-element-populated\">\n                        \t\t<div class=\"elementor-element elementor-element-2089808 elementor-widget elementor-widget-ct_tabs\" data-id=\"2089808\" data-element_type=\"widget\" data-widget_type=\"ct_tabs.default\">\n\t\t\t\t<div class=\"elementor-widget-container\">\n\t\t\t            <div class=\"ct-tabs ct-tabs--layout2 type-vertical style1\">\n                <div class=\"ct-tabs-title\">\n                                            <span class=\"ct-tab-title active\" data-target=\"#ct_tabs-2089808-91aeee6\"><span>Our Goals<\/span><\/span>\n                                            <span class=\"ct-tab-title\" data-target=\"#ct_tabs-2089808-8303bab\"><span>What we do<\/span><\/span>\n                                            <span class=\"ct-tab-title\" data-target=\"#ct_tabs-2089808-bdab1d1\"><span>Our Values<\/span><\/span>\n                                    <\/div>\n\n                <div class=\"ct-tabs-content\">\n                                            <div class=\"ct-tab-content\" id=\"ct_tabs-2089808-91aeee6\" style=\"display:block;\"><div class=\"tab-sub\">\u201cWe will leave a living world with next generation. \u201d<\/div><p>Our main vision is to create quality and contemporary living spaces in the geography where we live, to respect the nature with our productions and leave an immaculate nature to future generations.<br \/><br \/>Our corporate values; In the true sense, institutionalism is humanistic, with the highest level of strategic management, with a modern sense of researcher and technical professionalism following all innovations, a human factor that takes the absolute principle and embraces the principle of 'man exists only if nature exists'.<\/p><\/div>\n                                            <div class=\"ct-tab-content\" id=\"ct_tabs-2089808-8303bab\"><div class=\"tab-sub\">\u201cHuman exists only if nature exists\u201d<\/div><p>He has always believed in perfect project, quality and human elements as indispensable values and has completed these principles. Modern construction techniques are used in all our projects and productions, and the quality and unconditional customer satisfaction are the main factors that we pay attention to. Our company, which takes care to use international engineering standards in the strictest sense, has aimed to produce the best quality business in the most economical and shortest possible time, and has realized this in the projects that it has finished up to this day.<br \/><br \/>All the projects we have done and manufacturing have taken the principle of respecting the nature and it has become a strict follower of the principle of 'man is only if nature exists'. He never compromises on this issue.<br \/><br \/>Our company, serving in construction, manufacturing and commercial sector, has been producing the best quality business in the shortest time with sincerity based on sympathetic, gullied and trust based sincerity from top to bottom cadres by making timely deliveries focused on customer satisfaction with high quality production in manufacturing, will continue to succeed.<\/p><\/div>\n                                            <div class=\"ct-tab-content\" id=\"ct_tabs-2089808-bdab1d1\"><div class=\"tab-sub\">\u201cOur policies and values that we adopt.\u201d<\/div><p>To use all the resources we have in line with the needs, expectations and satisfaction of our customers.<\/p><p>To adapt to the environmental, historical and cultural texture of the city with our projects.<\/p><p>To produce living spaces suitable for the values of the society addressed by fulfilling the architectural requirements of the age with our executive staff, technical and administrative personnel.<\/p><p>To serve the improvement and development of social living standards.<\/p><\/div>\n                                    <\/div>\n            <\/div>\n            \t\t<\/div>\n\t\t\t\t<\/div>\n\t\t            <\/div>\n        <\/div>\n                            <\/div>\n        <\/section>\n                <section class=\"elementor-section elementor-top-section elementor-element elementor-element-95d1cd1 elementor-section-boxed elementor-section-height-default elementor-section-height-default ct-header-fixed-none ct-row-max-none\" data-id=\"95d1cd1\" data-element_type=\"section\">\n            \n                        <div class=\"elementor-container elementor-column-gap-extended\">\n                    <div class=\"elementor-column elementor-col-100 elementor-top-column elementor-element elementor-element-c4112ef\" data-id=\"c4112ef\" data-element_type=\"column\">\n            <div class=\"elementor-widget-wrap elementor-element-populated\">\n                        \t\t<div class=\"elementor-element elementor-element-c8a59b3 elementor-widget elementor-widget-ct_cta\" data-id=\"c8a59b3\" data-element_type=\"widget\" data-widget_type=\"ct_cta.default\">\n\t\t\t\t<div class=\"elementor-widget-container\">\n\t\t\t<div class=\"ct-cta1\">\r\n            <div class=\"item--holder\">\r\n            <span class=\"item--title\">You can download our<\/span>\r\n            <span class=\"item--desc\">Online Catalogue<\/span>\r\n        <\/div>\r\n                <div class=\"item--button\">\r\n            <a class=\"btn btn-default\" href=\"https:\/\/isoturk.com.tr\/wp-content\/uploads\/2023\/05\/%C4%B0sot%C3%BCrk%20Katalog.pdf\" target=\"_blank\">\r\n                                                                    Download Catalogue.            <\/a>\r\n        <\/div>\r\n    <\/div>\r\n\t\t<\/div>\n\t\t\t\t<\/div>\n\t\t            <\/div>\n        <\/div>\n                            <\/div>\n        <\/section>\n        \t\t\t\t\t<\/div>","protected":false},"excerpt":{"rendered":"<p>Biz Kimiz ? \u0130n\u015faat M\u00fchendisi \u0130slam \u00d6zt\u00fcrk in\u015faat sekt\u00f6r\u00fcne 1980 y\u0131l\u0131nda babas\u0131n\u0131n yapt\u0131\u011f\u0131 fabrika in\u015faat\u0131nda depocu olarak sekt\u00f6re ad\u0131m atm\u0131\u015ft\u0131r. Babas\u0131yla beraber \u00e7e\u015fitli in\u015faatlar da bir fiil \u00e7al\u0131\u015farak \u00e7ekirdekten yeti\u015fmi\u015ftir. 1990 y\u0131l\u0131nda \u0130stanbul Teknik \u00dcniversitesi \/ \u0130n\u015faat M\u00fchendisli\u011fi b\u00f6l\u00fcm\u00fcne ba\u015flam\u0131\u015ft\u0131r. Okul d\u00f6neminde babas\u0131 ile \u00e7al\u0131\u015fma hayat\u0131na devam etmi\u015f, tecr\u00fcbelerini peki\u015ftirmi\u015ftir. 1995 y\u0131l\u0131nda \u0130n\u015faat M\u00fchedisi olarak [&hellip;]<\/p>","protected":false},"author":1,"featured_media":0,"parent":0,"menu_order":0,"comment_status":"closed","ping_status":"closed","template":"","meta":{"footnotes":""},"class_list":["post-8197","page","type-page","status-publish","hentry"],"_links":{"self":[{"href":"https:\/\/isoturk.com.tr\/en\/wp-json\/wp\/v2\/pages\/8197","targetHints":{"allow":["GET"]}}],"collection":[{"href":"https:\/\/isoturk.com.tr\/en\/wp-json\/wp\/v2\/pages"}],"about":[{"href":"https:\/\/isoturk.com.tr\/en\/wp-json\/wp\/v2\/types\/page"}],"author":[{"embeddable":true,"href":"https:\/\/isoturk.com.tr\/en\/wp-json\/wp\/v2\/users\/1"}],"replies":[{"embeddable":true,"href":"https:\/\/isoturk.com.tr\/en\/wp-json\/wp\/v2\/comments?post=8197"}],"version-history":[{"count":3,"href":"https:\/\/isoturk.com.tr\/en\/wp-json\/wp\/v2\/pages\/8197\/revisions"}],"predecessor-version":[{"id":9936,"href":"https:\/\/isoturk.com.tr\/en\/wp-json\/wp\/v2\/pages\/8197\/revisions\/9936"}],"wp:attachment":[{"href":"https:\/\/isoturk.com.tr\/en\/wp-json\/wp\/v2\/media?parent=8197"}],"curies":[{"name":"wp","href":"https:\/\/api.w.org\/{rel}","templated":true}]}}