{"id":8267,"date":"2023-04-12T16:23:40","date_gmt":"2023-04-12T13:23:40","guid":{"rendered":"http:\/\/localhost\/ist\/?page_id=8267"},"modified":"2023-05-06T12:20:49","modified_gmt":"2023-05-06T09:20:49","slug":"referanslar","status":"publish","type":"page","link":"https:\/\/isoturk.com.tr\/en\/referanslar\/","title":{"rendered":"References"},"content":{"rendered":"<div data-elementor-type=\"wp-page\" data-elementor-id=\"8267\" class=\"elementor elementor-8267\">\n\t\t\t\t\t\t\t        <section class=\"elementor-section elementor-top-section elementor-element elementor-element-7b44fdc elementor-section-boxed elementor-section-height-default elementor-section-height-default ct-header-fixed-none ct-row-max-none\" data-id=\"7b44fdc\" data-element_type=\"section\">\n            \n                        <div class=\"elementor-container elementor-column-gap-extended\">\n                    <div class=\"elementor-column elementor-col-50 elementor-top-column elementor-element elementor-element-a413a99\" data-id=\"a413a99\" data-element_type=\"column\">\n            <div class=\"elementor-widget-wrap elementor-element-populated\">\n                        \t\t<div class=\"elementor-element elementor-element-f256a25 elementor-widget elementor-widget-ct_heading\" data-id=\"f256a25\" data-element_type=\"widget\" data-widget_type=\"ct_heading.default\">\n\t\t\t\t<div class=\"elementor-widget-container\">\n\t\t\t<div id=\"ct_heading-f256a25\" class=\"ct-heading h-align- sub- ct-heading-left item-st-line-left1\">\r\n\t<div class=\"ct-item--inner\">\r\n        <div class=\"ct-inline-css\"  data-css=\"            \">\r\n        <\/div>\r\n                <h3 class=\"item--title st-line-left1 case-animate-time\" data-wow-delay=\"ms\">\r\n                        <span class=\"sp-main\">\r\n                                    <i><\/i>\r\n                \r\n                Some of Our References\r\n                \r\n                            <\/span>\r\n                    <\/h3>\r\n    <\/div>\r\n<\/div>\t\t<\/div>\n\t\t\t\t<\/div>\n\t\t        <section class=\"elementor-section elementor-inner-section elementor-element elementor-element-0d211ab elementor-section-boxed elementor-section-height-default elementor-section-height-default ct-header-fixed-none ct-row-max-none\" data-id=\"0d211ab\" data-element_type=\"section\">\n            \n                        <div class=\"elementor-container elementor-column-gap-extended\">\n                    <div class=\"elementor-column elementor-col-100 elementor-inner-column elementor-element elementor-element-86e492f\" data-id=\"86e492f\" data-element_type=\"column\">\n            <div class=\"elementor-widget-wrap elementor-element-populated\">\n                        \t\t<div class=\"elementor-element elementor-element-5520d1b elementor-widget elementor-widget-text-editor\" data-id=\"5520d1b\" data-element_type=\"widget\" data-widget_type=\"text-editor.default\">\n\t\t\t\t<div class=\"elementor-widget-container\">\n\t\t\t<style>\/*! elementor - v3.18.0 - 20-12-2023 *\/\n.elementor-widget-text-editor.elementor-drop-cap-view-stacked .elementor-drop-cap{background-color:#69727d;color:#fff}.elementor-widget-text-editor.elementor-drop-cap-view-framed .elementor-drop-cap{color:#69727d;border:3px solid;background-color:transparent}.elementor-widget-text-editor:not(.elementor-drop-cap-view-default) .elementor-drop-cap{margin-top:8px}.elementor-widget-text-editor:not(.elementor-drop-cap-view-default) .elementor-drop-cap-letter{width:1em;height:1em}.elementor-widget-text-editor .elementor-drop-cap{float:left;text-align:center;line-height:1;font-size:50px}.elementor-widget-text-editor .elementor-drop-cap-letter{display:inline-block}<\/style>\t\t\t\t<p>As the ISOTURK family, we would like to thank all our valued customers who gave us references. Our customers' opinions, suggestions and requests have always been the best reference for us.<br \/><br \/>We continue to provide the best service in line with our principles.<\/p>\t\t\t\t\t\t<\/div>\n\t\t\t\t<\/div>\n\t\t            <\/div>\n        <\/div>\n                            <\/div>\n        <\/section>\n                    <\/div>\n        <\/div>\n                <div class=\"elementor-column elementor-col-50 elementor-top-column elementor-element elementor-element-6ce1977\" data-id=\"6ce1977\" data-element_type=\"column\">\n            <div class=\"elementor-widget-wrap elementor-element-populated\">\n                        \t\t<div class=\"elementor-element elementor-element-aee8472 elementor-widget elementor-widget-image\" data-id=\"aee8472\" data-element_type=\"widget\" data-widget_type=\"image.default\">\n\t\t\t\t<div class=\"elementor-widget-container\">\n\t\t\t<style>\/*! elementor - v3.18.0 - 20-12-2023 *\/\n.elementor-widget-image{text-align:center}.elementor-widget-image a{display:inline-block}.elementor-widget-image a img[src$=\".svg\"]{width:48px}.elementor-widget-image img{vertical-align:middle;display:inline-block}<\/style>\t\t\t\t\t\t\t\t\t\t\t\t<img fetchpriority=\"high\" decoding=\"async\" width=\"591\" height=\"657\" src=\"https:\/\/isoturk.com.tr\/wp-content\/uploads\/2023\/04\/ref-en.png\" class=\"attachment-full size-full wp-image-8364\" alt=\"\" \/>\t\t\t\t\t\t\t\t\t\t\t\t\t\t\t<\/div>\n\t\t\t\t<\/div>\n\t\t            <\/div>\n        <\/div>\n                            <\/div>\n        <\/section>\n                <section class=\"elementor-section elementor-top-section elementor-element elementor-element-62b7fcd elementor-section-boxed elementor-section-height-default elementor-section-height-default ct-header-fixed-none ct-row-max-none\" data-id=\"62b7fcd\" data-element_type=\"section\">\n            \n                        <div class=\"elementor-container elementor-column-gap-default\">\n                    <div class=\"elementor-column elementor-col-100 elementor-top-column elementor-element elementor-element-4ae34e7\" data-id=\"4ae34e7\" data-element_type=\"column\">\n            <div class=\"elementor-widget-wrap elementor-element-populated\">\n                        \t\t<div class=\"elementor-element elementor-element-322551b elementor-widget elementor-widget-text-editor\" data-id=\"322551b\" data-element_type=\"widget\" data-widget_type=\"text-editor.default\">\n\t\t\t\t<div class=\"elementor-widget-container\">\n\t\t\t\t\t\t\t<table width=\"540\"><tbody><tr><td colspan=\"3\" width=\"540\"><p><strong>ISOTURK CONSTRUCTION COMPLETED AND ONGOING WORKS LIST<\/strong><\/p><\/td><\/tr><tr><td width=\"189\"><p><strong>REFERENCE COMPANY<\/strong><\/p><\/td><td width=\"246\"><p><strong>JOB DESCRIPTION<\/strong><\/p><\/td><td width=\"104\"><p><strong>YEAR \/ JOB TYPE<\/strong><\/p><\/td><\/tr><tr><td width=\"189\"><p>GAP \u0130N\u015eAAT YATIRIM VE DI\u015e T\u0130CARET A.\u015e. (\u00c7ALIK HOLDING COMPANY)<\/p><\/td><td width=\"246\"><p>TARLABA\u015eI URBAN RENOVATION PROJECT (TAKS\u0130M 360)<\/p><\/td><td width=\"104\"><p>2023 \/ FINE BUILDING<\/p><\/td><\/tr><tr><td width=\"189\"><p>LOFTARCH \u0130N\u015eAAT A\u015e. LOFT M\u0130MARLIK HARUN SENEG\u00d6R ORDINARY PARTNERSHIP<\/p><\/td><td width=\"246\"><p>ONUR DENTAL PRODUCTION OFFICE HOUSING BUILDING CONSTRUCTION LABOR (\u00c7EKMEK\u00d6Y-\u0130STANBUL)<\/p><\/td><td width=\"104\"><p>2022 \/ ROUGH + FINE CONSTRUCTION<\/p><\/td><\/tr><tr><td width=\"189\"><p>N\u0130DA \u0130N\u015eAAT VE TUR\u0130ZM A.\u015e.<\/p><\/td><td width=\"246\"><p>N\u0130DAPARK KAYA\u015eEH\u0130R PROJECT No. 458, 24 PLOT SURROUNDING CURTAINS REINFORCED CONCRETE WORKS (BA\u015eAK\u015eEH\u0130R \u2013 \u0130STANBUL)<\/p><\/td><td width=\"104\"><p>2022 \/ ROUGH CONSTRUCTION<\/p><\/td><\/tr><tr><td width=\"189\"><p>TOROS TARIM SAN. VE T\u0130C. A.\u015e. (TEKFEN HOLD\u0130NG A.\u015e.)<\/p><\/td><td width=\"246\"><p>TURNKEY SAMSUN ADMINISTRATION J\u0130BS FIELD 1st PHASE ARRANGEMENT CONSTRUCTION WORKS (TEKKEK\u00d6Y-SAMSUN)<\/p><\/td><td width=\"104\"><p>2021-2022 \/ INFRASTRUCTURE<\/p><\/td><\/tr><tr><td width=\"189\"><p>TAYSEB A.\u015e. (TEKFEN HOLD\u0130NG A.\u015e.)<\/p><\/td><td width=\"246\"><p>TAYSEB FREE ZONE (CEYHAN-ADANA); OFFICE BUILDING FOR RENT, SPACE CAGE ENTRANCE JEWELRY AND COVERING AND ENTRANCE CUSTOMS AND SECURITY BUILDINGS TURNKEY WORK (CEYHAN-ADANA)<\/p><\/td><td width=\"104\"><p>2020-2021 \/ ROUGH + FINE STRUCTURE<\/p><\/td><\/tr><tr><td width=\"189\"><p>TEKFEN HOLD\u0130NG A.\u015e.<\/p><\/td><td width=\"246\"><p>TEKFEN HOLDING ULUS CAMPUS C-BLOCK REINFORCEMENT AND RENOVATION OF WET VOLUMES<\/p><\/td><td width=\"104\"><p>2020 \/ STRENGTHENING+THIN STRUCTURE<\/p><\/td><\/tr><tr><td width=\"189\"><p>RASHEED K\u0130MYA LTD. \u015eT\u0130.<\/p><\/td><td width=\"246\"><p>TAYSEB FREE ZONE (CEYHAN-ADANA); HYDROGEN PRODUCTION AND STORAGE FACILITY REINFORCED FOUNDATION AND PILE MANUFACTURING WORK (CEYHAN-ADANA)<\/p><\/td><td width=\"104\"><p>2020\/ ROUGH CONSTRUCTION<\/p><\/td><\/tr><tr><td width=\"189\"><p>ART AMBALAJ VE PLAST\u0130K SAN. VE T\u0130C. A.\u015e.<\/p><\/td><td width=\"246\"><p>FACTORY BUILDING FRP TRIPLE AND PARTIAL FINISHING WORKS (S\u0130L\u0130VR\u0130-\u0130STANBUL)<\/p><\/td><td width=\"104\"><p>2020 \/ STRENGTHENING+THIN STRUCTURE<\/p><\/td><\/tr><tr><td width=\"189\"><p>TAYSEB A.\u015e.\u00a0 (TEKFEN HOLD\u0130NG A.\u015e.)<\/p><\/td><td width=\"246\"><p>TAYSEB FREE ZONE (CEYHAN-ADANA); DINING HALL AND HEALTH CENTER TURNKEY CONSTRUCTION (CEYHAN-ADANA)<\/p><\/td><td width=\"104\"><p>2019-2020 \/ ROUGH + FINE STRUCTURE<\/p><\/td><\/tr><tr><td width=\"189\"><p>TAYSEB A.\u015e. (TEKFEN HOLD\u0130NG A.\u015e.)<\/p><\/td><td width=\"246\"><p>TAYSEB FREE ZONE (CEYHAN-ADANA); ADMINISTRATIVE BUILDING TURNKEY CONSTRUCTION (CEYHAN-ADANA)<\/p><\/td><td width=\"104\"><p>2019-2020 \/ ROUGH + FINE STRUCTURE<\/p><\/td><\/tr><tr><td width=\"189\"><p>TOROS TARIM SAN. VE T\u0130C. A.\u015e.\u00a0 (TEKFEN HOLD\u0130NG A.\u015e.)<\/p><\/td><td width=\"246\"><p>TURN-KEY MERS\u0130N ADMINISTRATION BAGGING BUILDING STRENGTHENING AND FINE BUILDING RENOVATIONS (AKDEN\u0130Z-MERS\u0130N)<\/p><\/td><td width=\"104\"><p>2019 \/ REINFORCEMENT+THIN STRUCTURE<\/p><\/td><\/tr><tr><td width=\"189\"><p>\u0130K\u0130TELL\u0130 KERESTEC\u0130LER S\u0130TES\u0130<\/p><\/td><td width=\"246\"><p>CONSTRUCTION OF RETAINING WALL AND SUB-FOUNDATION BORED PILE (BA\u015eAK\u015eEH\u0130R-\u0130STANBUL)<\/p><\/td><td width=\"104\"><p>2018 \/ ROUGH CONSTRUCTION<\/p><\/td><\/tr><tr><td width=\"189\"><p>\u0130SOTURK YAPI SAN. VE T\u0130C. LTD. \u015eT\u0130.<\/p><\/td><td width=\"246\"><p>ARC SILVA SITE HOUSING PROJECT (52 FLATS, TURN-KEY ROUGH + FINISH WORKS) (KEMERBURGAZ-\u0130STANBUL)<\/p><\/td><td width=\"104\"><p>2017-2018 \/ ROUGH + FINE CONSTRUCTION<\/p><\/td><\/tr><tr><td width=\"189\"><p>F\u0130MAR HOLD\u0130NG A.\u015e.<\/p><\/td><td width=\"246\"><p>LIVERA SUITES HOUSING PROJECT ROUGH CONSTRUCTION WORKS (KEMERBURGAZ-\u0130STANBUL)<\/p><\/td><td width=\"104\"><p>2017 \/ ROUGH CONSTRUCTION<\/p><\/td><\/tr><tr><td width=\"189\"><p>\u0130SOTURK YAPI SAN. VE T\u0130C. LTD. \u015eT\u0130.<\/p><\/td><td width=\"246\"><p>TURNKEY AKASYA APT. HOUSING PROJECT (KEMERBURGAZ-\u0130STANBUL)<\/p><\/td><td width=\"104\"><p>2016 \/ ROUGH + FINE CONSTRUCTION<\/p><\/td><\/tr><tr><td width=\"189\"><p>GENYAP M\u0130M.M\u00dcH.SAN.T\u0130C.LTD.\u015eT\u0130.<\/p><\/td><td width=\"246\"><p>DORMIA DORMITORY FOR GIRLS FINE CONSTRUCTION WORKS (KA\u011eITHANE-\u0130STANBUL)<\/p><\/td><td width=\"104\"><p>2016 \/ FINE BUILDING<\/p><\/td><\/tr><tr><td width=\"189\"><p>ALPA MAK\u0130NA<\/p><\/td><td width=\"246\"><p>FACTORY BUILDING ROUGH BUILDING CONSTRUCTION (TUZLA-\u0130STANBUL)<\/p><\/td><td width=\"104\"><p>2015 \/ ROUGH CONSTRUCTION<\/p><\/td><\/tr><tr><td width=\"189\"><p>AYBEY GIDA TUR\u0130ZM LTD.\u015eT\u0130.<\/p><\/td><td width=\"246\"><p>G\u00d6LT\u00dcRKB\u00dcK\u00dc APART HOTEL CONSTRUCTION (G\u00d6LT\u00dcRKB\u00dcK\u00dc-BODRUM)<\/p><\/td><td width=\"104\"><p>2015 \/ ROUGH + FINE CONSTRUCTION<\/p><\/td><\/tr><tr><td width=\"189\"><p>ASTA\u015e HOLD\u0130NG A.\u015e.<\/p><\/td><td width=\"246\"><p>TURNKEY T\u00dcRKB\u00dcK\u00dc LODGING SITE CONSTRUCTION (T\u00dcRKB\u00dcK\u00dc-BODRUM)<\/p><\/td><td width=\"104\"><p>2014 \/ ROUGH + FINE CONSTRUCTION<\/p><\/td><\/tr><tr><td width=\"189\"><p>ASTA\u015e HOLD\u0130NG A.\u015e.<\/p><\/td><td width=\"246\"><p>TURNKEY G\u00d6LK\u00d6Y HOUSING SITE CONSTRUCTION (G\u00d6LK\u00d6Y-BODRUM)<\/p><\/td><td width=\"104\"><p>2013 \/ ROUGH + FINE CONSTRUCTION<\/p><\/td><\/tr><tr><td width=\"189\"><p>ASTA\u015e HOLD\u0130NG A.\u015e.<\/p><\/td><td width=\"246\"><p>CENNET BAY HOTEL CONSTRUCTION PARTIAL ROUGH CONSTRUCTION WORKS (G\u00d6LK\u00d6Y-BODRUM)<\/p><\/td><td width=\"104\"><p>2013-2014 \/ ROUGH CONSTRUCTION<\/p><\/td><\/tr><tr><td width=\"189\"><p>ECZACIBA\u015eI HOLD\u0130NG A.\u015e.<\/p><\/td><td width=\"246\"><p>CENNET BAY PARTIAL VILLA RENOVATION (G\u00d6LKOY-BODRUM)<\/p><\/td><td width=\"104\"><p>2012 \/ FINE BUILDING<\/p><\/td><\/tr><tr><td width=\"189\"><p>ASTA\u015e HOLD\u0130NG A.\u015e.<\/p><\/td><td width=\"246\"><p>CENNET BAY VILLA CONSTRUCTION RETAINING WALLS AND PARTIAL FINE CONSTRUCTION WORKS (G\u00d6LK\u00d6Y-BODRUM)<\/p><\/td><td width=\"104\"><p>2012 \/ ROUGH + FINE CONSTRUCTION<\/p><\/td><\/tr><tr><td width=\"189\"><p>\u0130SOTURK YAPI SAN. VE T\u0130C. LTD. \u015eT\u0130.<\/p><\/td><td width=\"246\"><p>TURNKEY CINAR APT. HOUSING PROJECT (SARIYER-\u0130STANBUL)<\/p><\/td><td width=\"104\"><p>2012 \/ ROUGH + FINE CONSTRUCTION<\/p><\/td><\/tr><tr><td width=\"189\"><p>\u0130PEKKA\u011eIT SAN. T\u0130C.A.\u015e. (ECZACIBA\u015eI HOLD\u0130NG A.\u015e.)<\/p><\/td><td width=\"246\"><p>\u0130PEKKA\u011eIT FACTORY STEEL STRENGTHENING AND PARTIAL RENOVATION WORKS (ALTINOVA-YALOVA)<\/p><\/td><td width=\"104\"><p>2012 \/ STRENGTHENING + FINE STRUCTURE<\/p><\/td><\/tr><tr><td width=\"189\"><p>ECZACIBA\u015eI &#8211; BAXTER A.\u015e.<br \/>(ECZACIBA\u015eI HOLD\u0130NG A.\u015e.)<\/p><\/td><td width=\"246\"><p>AYAZA\u011eA FACTORY BUILDING STEEL REINFORCEMENT, PARTIAL RENOVATION, PARKING PARK AND LANDSCAPING WORKS (KA\u011eITHANE-\u0130STANBUL)<\/p><\/td><td width=\"104\"><p>2011 \/ STRENGTHENING + ROUGH + FINE CONSTRUCTION<\/p><\/td><\/tr><tr><td width=\"189\"><p>BALCIO\u011eLU GRUP<\/p><\/td><td width=\"246\"><p>TURNKEY ADMINISTRATIVE BUILDING FINE CONSTRUCTION WORKS (\u0130K\u0130TELL\u0130-\u0130STANBUL)<\/p><\/td><td width=\"104\"><p>2011 \/ FINE BUILDING<\/p><\/td><\/tr><tr><td width=\"189\"><p>EKUR \u0130N\u015eAAT A.\u015e.<\/p><\/td><td width=\"246\"><p>VILLA RENOVATION (ULUS-BE\u015e\u0130KTA\u015e-\u0130STANBUL)<\/p><\/td><td width=\"104\"><p>2011 \/ FINE BUILDING<\/p><\/td><\/tr><tr><td width=\"189\"><p>\u0130PEKKA\u011eIT SAN. T\u0130C.A.\u015e. (ECZACIBA\u015eI HOLD\u0130NG A.\u015e.)<\/p><\/td><td width=\"246\"><p>TURNKEY ADDITIONAL OFFICE BUILDING (ALTINOVA\/YALOVA)<\/p><\/td><td width=\"104\"><p>2010 \/ ROUGH + FINE CONSTRUCTION<\/p><\/td><\/tr><tr><td width=\"189\"><p>ECZACIBA\u015eI &#8211; BAXTER A.\u015e.<br \/>(ECZACIBA\u015eI HOLD\u0130NG A.\u015e.)<\/p><\/td><td width=\"246\"><p>AYAZA\u011eA FACTORY BUILDING TREATMENT POOL-COOLING TOWERS (KA\u011eITHANE-\u0130STANBUL)<\/p><\/td><td width=\"104\"><p>2010 \/ ROUGH CONSTRUCTION<\/p><\/td><\/tr><tr><td width=\"189\"><p>SEDEF GEM\u0130 \u0130N\u015e. A.\u015e.<\/p><\/td><td width=\"246\"><p>SEDEF SHIPYARD CRANE CRANE FOUNDATIONS AND FIELD CONCRETE (TUZLA-\u0130STANBUL)<\/p><\/td><td width=\"104\"><p>2010 \/ ROUGH CONSTRUCTION<\/p><\/td><\/tr><tr><td width=\"189\"><p>H\u0130STAS \u0130N\u015e.A.\u015e.<\/p><\/td><td width=\"246\"><p>TURNKEY \u00c7A\u011eLAYAN HOUSING PROJECT (KA\u011eITHANE-\u0130STANBUL)<\/p><\/td><td width=\"104\"><p>2009 \/ ROUGH + FINE CONSTRUCTION<\/p><\/td><\/tr><tr><td width=\"189\"><p>SOYAK \u0130N\u015eAAT A.\u015e.<\/p><\/td><td width=\"246\"><p>BAH\u00c7E\u015eEH\u0130R SALES OFFICE (BA\u015eAK\u015eEH\u0130R-\u0130STANBUL)<\/p><\/td><td width=\"104\"><p>2009 \/ ROUGH + FINE CONSTRUCTION<\/p><\/td><\/tr><tr><td width=\"189\"><p>\u0130SLAM \u00d6ZT\u00dcRK SAN. VE T\u0130C. LTD. \u015eT\u0130.<\/p><\/td><td width=\"246\"><p>TURNKEY TA\u015eCI APT. HOUSING PROJECT (KADIKOY-\u0130STANBUL)<\/p><\/td><td width=\"104\"><p>2009 \/ ROUGH + FINE CONSTRUCTION<\/p><\/td><\/tr><tr><td width=\"189\"><p>ETF TEKST\u0130L A.\u015e.<\/p><\/td><td width=\"246\"><p>ASTRILA SKI RESORT SKI HOTEL (PALAND\u00d6KEN-ERZURUM)<\/p><\/td><td width=\"104\"><p>2008 \/ ROUGH CONSTRUCTION<\/p><\/td><\/tr><tr><td width=\"189\"><p>S\u0130LKAR TUR\u0130ZM A.\u015e.<\/p><\/td><td width=\"246\"><p>ANTALYA LYKRA WORLD HOTEL ALL OUTDOOR WOOD WORKS (SERIK-ANTALYA)<\/p><\/td><td width=\"104\"><p>2008 \/ FINE BUILDING<\/p><\/td><\/tr><tr><td width=\"189\"><p>\u0130SLAM \u00d6ZT\u00dcRK SAN. VE T\u0130C. LTD. \u015eT\u0130.<\/p><\/td><td width=\"246\"><p>TURNKEY KATMER APT. HOUSING PROJECT (KADIKOY-\u0130STANBUL)<\/p><\/td><td width=\"104\"><p>2007 \/ ROUGH + FINE CONSTRUCTION<\/p><\/td><\/tr><tr><td width=\"189\"><p>\u0130PEKKA\u011eIT SAN. T\u0130C.A.\u015e. (ECZACIBA\u015eI HOLD\u0130NG A.\u015e.)<\/p><\/td><td width=\"246\"><p>ALTINOVA FACTORY REINFORCED CONCRETE STRENGTHENING WORK<\/p><\/td><td width=\"104\"><p>2007 \/ STRENGTHENING<\/p><\/td><\/tr><tr><td width=\"189\"><p>\u0130K\u0130TELL\u0130 KERESTEC\u0130LER S\u0130TES\u0130<\/p><\/td><td width=\"246\"><p>TURNKEY WORKPLACE, WAREHOUSE, PARKING PARK CONSTRUCTION (\u0130K\u0130TELL\u0130-\u0130STANBUL)<\/p><\/td><td width=\"104\"><p>2006 \/ ROUGH + FINE CONSTRUCTION<\/p><\/td><\/tr><tr><td width=\"189\"><p>AL\u0130 RA\u0130F \u0130LA\u00c7 FABR\u0130KASI<\/p><\/td><td width=\"246\"><p>FACTORY RENOVATION (\u0130K\u0130TELL\u0130-\u0130STANBUL)<\/p><\/td><td width=\"104\"><p>2006 \/ FINE BUILDING<\/p><\/td><\/tr><tr><td width=\"189\"><p>\u0130SLAM \u00d6ZT\u00dcRK SAN. VE T\u0130C. LTD. \u015eT\u0130.<\/p><\/td><td width=\"246\"><p>TURNKEY HOUSING PROJECT (GAZ\u0130OSMANPA\u015eA-\u0130STANBUL)<\/p><\/td><td width=\"104\"><p>2006 \/ ROUGH + FINE CONSTRUCTION<\/p><\/td><\/tr><tr><td width=\"189\"><p>ALTUR TUR\u0130ZM A.\u015e.<\/p><\/td><td width=\"246\"><p>OPEN PARKING CONSTRUCTION (SEFAK\u00d6Y-\u0130STANBUL)<\/p><\/td><td width=\"104\"><p>2005 \/ ROUGH CONSTRUCTION<\/p><\/td><\/tr><tr><td width=\"189\"><p>\u015e\u0130M\u015eEK TEKST\u0130L A.\u015e.<\/p><\/td><td width=\"246\"><p>CONSTRUCTION OF STEEL ROOF AND FINISH WORKS (G\u00dcNE\u015eLI-\u0130STANBUL)<\/p><\/td><td width=\"104\"><p>2005 \/ STEEL + FINE STRUCTURE<\/p><\/td><\/tr><tr><td width=\"189\"><p>\u00c7ANAKKALE SERAM\u0130K A.\u015e.<\/p><\/td><td width=\"246\"><p>ZEYNEP BODUR OKYAY MENTAL DISABLED REHABILITATION CENTER TURNKEY CONSTRUCTION (CAN-CANAKKALE)<\/p><\/td><td width=\"104\"><p>2005 \/ ROUGH + FINE CONSTRUCTION<\/p><\/td><\/tr><tr><td width=\"189\"><p>\u015e\u0130\u015eE CAM A.\u015e.<\/p><\/td><td width=\"246\"><p>CORLU FACTORY SPECIAL FIELD CONCRETE WORKS (CORLU-TEKIRDAG)<\/p><\/td><td width=\"104\"><p>2004 \/ ROUGH CONSTRUCTION<\/p><\/td><\/tr><tr><td width=\"189\"><p>\u0130LA\u00c7 END. \u0130\u015eVERENLER SEND\u0130KASI<\/p><\/td><td width=\"246\"><p>BINGOL STATE HOSPITAL REINFORCED CONCRETE REINFORCEMENT CONSTRUCTION (BINGOL)<\/p><\/td><td width=\"104\"><p>2003 \/ EMPOWERMENT<\/p><\/td><\/tr><tr><td width=\"189\"><p>\u0130LSAN \u0130LA\u00c7 FABR\u0130KASI (SANDOZ)<\/p><\/td><td width=\"246\"><p>FACTORY RENOVATION (GEBZE-\u0130STANBUL)<\/p><\/td><td width=\"104\"><p>2004 \/ FINE BUILDING<\/p><\/td><\/tr><tr><td width=\"189\"><p>M\u0130LEN \u0130LA\u00c7 FABR\u0130KASI (SANDOZ)<\/p><\/td><td width=\"246\"><p>FACTORY RENOVATION (TUZLA-\u0130STANBUL)<\/p><\/td><td width=\"104\"><p>2004 FINE BUILDING<\/p><\/td><\/tr><tr><td width=\"189\"><p>STARWOOD A.\u015e.<\/p><\/td><td width=\"246\"><p>HEADQUARTERS BUILDING CONSTRUCTION (\u0130K\u0130TELL\u0130-\u0130STANBUL)<\/p><\/td><td width=\"104\"><p>2004 FINE BUILDING<\/p><\/td><\/tr><tr><td width=\"189\"><p>ERTU\u011eRUL ARIKONMAZ (KEMER COUNTRY)<\/p><\/td><td width=\"246\"><p>VILLA RENOVATION AND POOL CONSTRUCTION (KEMERBURGAZ-\u0130STANBUL)<\/p><\/td><td width=\"104\"><p>2003 \/ FINE BUILDING<\/p><\/td><\/tr><tr><td width=\"189\"><p>CONFETT\u0130 TEKST\u0130L LTD.\u015eT\u0130.<\/p><\/td><td width=\"246\"><p>FACADE APPLICATION<\/p><\/td><td width=\"104\"><p>2003 \/ FINE BUILDING<\/p><\/td><\/tr><tr><td width=\"189\"><p>\u0130LA\u00c7 END. \u0130\u015eVERENLER SEND\u0130KASI<\/p><\/td><td width=\"246\"><p>HEYBEL\u0130ADA SENATORIUM RENOVATION (HEYBEL\u0130ADA-\u0130STANBUL)<\/p><\/td><td width=\"104\"><p>2002 \/ FINE BUILDING<\/p><\/td><\/tr><tr><td width=\"189\"><p>\u0130K\u0130TELL\u0130 KERESTEC\u0130LER S\u0130TES\u0130<\/p><\/td><td width=\"246\"><p>TURNKEY 8 BLOCK MULTI-STOREY OFFICE BUILDINGS CONSTRUCTION (\u0130K\u0130TELL\u0130-\u0130STANBUL)<\/p><\/td><td width=\"104\"><p>2002 \/ ROUGH + FINE CONSTRUCTION<\/p><\/td><\/tr><tr><td width=\"189\"><p>\u0130LA\u00c7 END. \u0130\u015eVERENLER SEND\u0130KASI<\/p><\/td><td width=\"246\"><p>HEYBEL\u0130ADA SENATORIUM , REINFORCED CONCRETE EARTHQUAKE STRENGTHENING WORK (HEYBEL\u0130ADA-\u0130STANBUL)<\/p><\/td><td width=\"104\"><p>2001 \/ STRENGTHENING<\/p><\/td><\/tr><tr><td width=\"189\"><p>K\u00d6KSAL KERESTE KOLL.\u015eT\u0130.<\/p><\/td><td width=\"246\"><p>TIMBER FACTORY CONSTRUCTION (\u0130K\u0130TELL\u0130-\u0130STANBUL)<\/p><\/td><td width=\"104\"><p>2002 \/ ROUGH + FINE CONSTRUCTION<\/p><\/td><\/tr><tr><td width=\"189\"><p>MOB\u0130 MOB\u0130LYA<\/p><\/td><td width=\"246\"><p>TURNKEY WOODEN VILLA CONSTRUCTION (BURSA)<\/p><\/td><td width=\"104\"><p>2000 \/ WOODEN BUILDING + FINE BUILDING<\/p><\/td><\/tr><tr><td width=\"189\"><p>\u015eER\u0130FO\u011eLU PARKE A.\u015e.<\/p><\/td><td width=\"246\"><p>KERESTEC\u0130LER S\u0130T. WAREHOUSE CONSTRUCTION (\u0130K\u0130TELL\u0130-\u0130STANBUL)<\/p><\/td><td width=\"104\"><p>1997 \/ ROUGH + FINE CONSTRUCTION<\/p><\/td><\/tr><\/tbody><\/table>\t\t\t\t\t\t<\/div>\n\t\t\t\t<\/div>\n\t\t            <\/div>\n        <\/div>\n                            <\/div>\n        <\/section>\n        \t\t\t\t\t<\/div>","protected":false},"excerpt":{"rendered":"<p>Referanslar\u0131m\u0131zdan Baz\u0131lar\u0131 ISOTURK ailesi olarak bizlere referans veren t\u00fcm de\u011ferli m\u00fc\u015fterilerimize te\u015fekk\u00fcr ederiz. M\u00fc\u015fterilerimizin g\u00f6r\u00fc\u015f, \u00f6neri ve istekleri her zaman bize en iyi referans olmu\u015ftur. \u0130lkelerimiz do\u011frultusunda en iyi hizmeti vermeye devam ediyoruz. \u0130SOTURK\u00a0 YAPI\u00a0 B\u0130TEN\u00a0 VE DEVAM EDEN \u0130\u015eLER L\u0130STES\u0130 REFERANS F\u0130RMA \u0130\u015e TANIMI YIL \/ \u0130\u015e T\u00dcR\u00dc GAP \u0130N\u015eAAT YATIRIM VE DI\u015e T\u0130CARET [&hellip;]<\/p>","protected":false},"author":1,"featured_media":0,"parent":0,"menu_order":0,"comment_status":"closed","ping_status":"closed","template":"","meta":{"footnotes":""},"class_list":["post-8267","page","type-page","status-publish","hentry"],"_links":{"self":[{"href":"https:\/\/isoturk.com.tr\/en\/wp-json\/wp\/v2\/pages\/8267","targetHints":{"allow":["GET"]}}],"collection":[{"href":"https:\/\/isoturk.com.tr\/en\/wp-json\/wp\/v2\/pages"}],"about":[{"href":"https:\/\/isoturk.com.tr\/en\/wp-json\/wp\/v2\/types\/page"}],"author":[{"embeddable":true,"href":"https:\/\/isoturk.com.tr\/en\/wp-json\/wp\/v2\/users\/1"}],"replies":[{"embeddable":true,"href":"https:\/\/isoturk.com.tr\/en\/wp-json\/wp\/v2\/comments?post=8267"}],"version-history":[{"count":0,"href":"https:\/\/isoturk.com.tr\/en\/wp-json\/wp\/v2\/pages\/8267\/revisions"}],"wp:attachment":[{"href":"https:\/\/isoturk.com.tr\/en\/wp-json\/wp\/v2\/media?parent=8267"}],"curies":[{"name":"wp","href":"https:\/\/api.w.org\/{rel}","templated":true}]}}