{"id":8310,"date":"2023-04-12T17:40:24","date_gmt":"2023-04-12T14:40:24","guid":{"rendered":"http:\/\/localhost\/ist\/?page_id=8310"},"modified":"2023-05-06T12:17:00","modified_gmt":"2023-05-06T09:17:00","slug":"hizmetler","status":"publish","type":"page","link":"https:\/\/isoturk.com.tr\/en\/hizmetler\/","title":{"rendered":"Services"},"content":{"rendered":"<div data-elementor-type=\"wp-page\" data-elementor-id=\"8310\" class=\"elementor elementor-8310\">\n\t\t\t\t\t\t\t        <section class=\"elementor-section elementor-top-section elementor-element elementor-element-80b8920 elementor-section-boxed elementor-section-height-default elementor-section-height-default ct-header-fixed-none ct-row-max-none\" data-id=\"80b8920\" data-element_type=\"section\">\n            \n                        <div class=\"elementor-container elementor-column-gap-extended\">\n                    <div class=\"elementor-column elementor-col-50 elementor-top-column elementor-element elementor-element-b3fd2b5\" data-id=\"b3fd2b5\" data-element_type=\"column\">\n            <div class=\"elementor-widget-wrap elementor-element-populated\">\n                        \t\t<div class=\"elementor-element elementor-element-13836c4 elementor-widget elementor-widget-ct_heading\" data-id=\"13836c4\" data-element_type=\"widget\" data-widget_type=\"ct_heading.default\">\n\t\t\t\t<div class=\"elementor-widget-container\">\n\t\t\t<div id=\"ct_heading-13836c4\" class=\"ct-heading h-align- sub- ct-heading-left item-st-line-left1\">\r\n\t<div class=\"ct-item--inner\">\r\n        <div class=\"ct-inline-css\"  data-css=\"            \">\r\n        <\/div>\r\n                <h3 class=\"item--title st-line-left1 case-animate-time\" data-wow-delay=\"ms\">\r\n                        <span class=\"sp-main\">\r\n                                    <i><\/i>\r\n                \r\n                Services We Offer\r\n                \r\n                            <\/span>\r\n                    <\/h3>\r\n    <\/div>\r\n<\/div>\t\t<\/div>\n\t\t\t\t<\/div>\n\t\t        <section class=\"elementor-section elementor-inner-section elementor-element elementor-element-812d9c4 elementor-section-boxed elementor-section-height-default elementor-section-height-default ct-header-fixed-none ct-row-max-none\" data-id=\"812d9c4\" data-element_type=\"section\">\n            \n                        <div class=\"elementor-container elementor-column-gap-extended\">\n                    <div class=\"elementor-column elementor-col-100 elementor-inner-column elementor-element elementor-element-9763500\" data-id=\"9763500\" data-element_type=\"column\">\n            <div class=\"elementor-widget-wrap elementor-element-populated\">\n                        \t\t<div class=\"elementor-element elementor-element-cd121db elementor-widget elementor-widget-text-editor\" data-id=\"cd121db\" data-element_type=\"widget\" data-widget_type=\"text-editor.default\">\n\t\t\t\t<div class=\"elementor-widget-container\">\n\t\t\t<style>\/*! elementor - v3.18.0 - 20-12-2023 *\/\n.elementor-widget-text-editor.elementor-drop-cap-view-stacked .elementor-drop-cap{background-color:#69727d;color:#fff}.elementor-widget-text-editor.elementor-drop-cap-view-framed .elementor-drop-cap{color:#69727d;border:3px solid;background-color:transparent}.elementor-widget-text-editor:not(.elementor-drop-cap-view-default) .elementor-drop-cap{margin-top:8px}.elementor-widget-text-editor:not(.elementor-drop-cap-view-default) .elementor-drop-cap-letter{width:1em;height:1em}.elementor-widget-text-editor .elementor-drop-cap{float:left;text-align:center;line-height:1;font-size:50px}.elementor-widget-text-editor .elementor-drop-cap-letter{display:inline-block}<\/style>\t\t\t\t<p>Our company is an experienced company operating with its expert staff in service buildings, rough and fine construction works, strengthening of buildings against earthquakes, supervision and consultancy services, factory buildings, school and university buildings.<br \/><br \/>Thanks to a special computer software that we have prepared for use in the projects we realize and bid on, we perform more accurate, more efficient, faster and better studies on issues such as progress payment arrangement, work schedule, budgeting-cost-control, warehouse stock control.<\/p>\t\t\t\t\t\t<\/div>\n\t\t\t\t<\/div>\n\t\t            <\/div>\n        <\/div>\n                            <\/div>\n        <\/section>\n                    <\/div>\n        <\/div>\n                <div class=\"elementor-column elementor-col-50 elementor-top-column elementor-element elementor-element-c1eabd3\" data-id=\"c1eabd3\" data-element_type=\"column\">\n            <div class=\"elementor-widget-wrap elementor-element-populated\">\n                        \t\t<div class=\"elementor-element elementor-element-b3cf457 elementor-widget elementor-widget-image\" data-id=\"b3cf457\" data-element_type=\"widget\" data-widget_type=\"image.default\">\n\t\t\t\t<div class=\"elementor-widget-container\">\n\t\t\t<style>\/*! elementor - v3.18.0 - 20-12-2023 *\/\n.elementor-widget-image{text-align:center}.elementor-widget-image a{display:inline-block}.elementor-widget-image a img[src$=\".svg\"]{width:48px}.elementor-widget-image img{vertical-align:middle;display:inline-block}<\/style>\t\t\t\t\t\t\t\t\t\t\t\t<img fetchpriority=\"high\" decoding=\"async\" width=\"591\" height=\"657\" src=\"https:\/\/isoturk.com.tr\/wp-content\/uploads\/2023\/04\/is-en.png\" class=\"attachment-full size-full wp-image-8323\" alt=\"\" \/>\t\t\t\t\t\t\t\t\t\t\t\t\t\t\t<\/div>\n\t\t\t\t<\/div>\n\t\t            <\/div>\n        <\/div>\n                            <\/div>\n        <\/section>\n                <section class=\"elementor-section elementor-top-section elementor-element elementor-element-97323c9 elementor-section-stretched elementor-section-boxed elementor-section-height-default elementor-section-height-default ct-header-fixed-none ct-row-max-none\" data-id=\"97323c9\" data-element_type=\"section\" data-settings=\"{&quot;stretch_section&quot;:&quot;section-stretched&quot;,&quot;background_background&quot;:&quot;classic&quot;}\">\n            \n                        <div class=\"elementor-container elementor-column-gap-default\">\n                    <div class=\"elementor-column elementor-col-100 elementor-top-column elementor-element elementor-element-2fa31da\" data-id=\"2fa31da\" data-element_type=\"column\">\n            <div class=\"elementor-widget-wrap elementor-element-populated\">\n                        \t\t<div class=\"elementor-element elementor-element-e7930ab elementor-widget elementor-widget-ct_tabs\" data-id=\"e7930ab\" data-element_type=\"widget\" data-widget_type=\"ct_tabs.default\">\n\t\t\t\t<div class=\"elementor-widget-container\">\n\t\t\t            <div class=\"ct-tabs ct-tabs--layout2 type-vertical style1\">\n                <div class=\"ct-tabs-title\">\n                                            <span class=\"ct-tab-title active\" data-target=\"#ct_tabs-e7930ab-91aeee6\"><span>Building Works<\/span><\/span>\n                                            <span class=\"ct-tab-title\" data-target=\"#ct_tabs-e7930ab-8303bab\"><span>Industrial Buildings<\/span><\/span>\n                                            <span class=\"ct-tab-title\" data-target=\"#ct_tabs-e7930ab-bdab1d1\"><span>Engineering Structures<\/span><\/span>\n                                    <\/div>\n\n                <div class=\"ct-tabs-content\">\n                                            <div class=\"ct-tab-content\" id=\"ct_tabs-e7930ab-91aeee6\" style=\"display:block;\"><p>School Buildings<br \/>Hospital Buildings<br \/>Hotel Buildings<br \/>Bank Buildings<br \/>Residence and Villa Buildings<br \/>Business Center Buildings<br \/>Headquarters Buildings<br \/>Earthquake Strengthening Works<\/p><\/div>\n                                            <div class=\"ct-tab-content\" id=\"ct_tabs-e7930ab-8303bab\"><p>Factory Buildings<br \/>Warehouse Buildings<br \/>Treatment Buildings<br \/>Steel Buildings<br \/>Pool Construction<br \/>Parking Lot Construction<\/p><\/div>\n                                            <div class=\"ct-tab-content\" id=\"ct_tabs-e7930ab-bdab1d1\"><p>Energy Facilities<br \/>Water Structures<br \/>All Kinds of Excavation Works<br \/>Installation and Assembly Works<br \/>All Kinds of Infrastructure Works<br \/>Landscaping Works<\/p><\/div>\n                                    <\/div>\n            <\/div>\n            \t\t<\/div>\n\t\t\t\t<\/div>\n\t\t            <\/div>\n        <\/div>\n                            <\/div>\n        <\/section>\n        \t\t\t\t\t<\/div>","protected":false},"excerpt":{"rendered":"<p>Sundu\u011fumuz Hizmetler Firmam\u0131z, hizmet binalar\u0131, kaba ve ince in\u015faat i\u015fleri, binalar\u0131n depreme kar\u015f\u0131 g\u00fc\u00e7lendirilmesi, kontroll\u00fck ve dan\u0131\u015fmanl\u0131k hizmetleri, fabrika binalar\u0131, okul, \u00fcniversite binalar\u0131 i\u015flerinde uzman kadrosu ile faaliyet g\u00f6steren deneyimli bir firmad\u0131r. Ger\u00e7ekle\u015ftirdi\u011fimiz ve teklif verdi\u011fimiz projelerde kullanmak \u00fczere haz\u0131rlatt\u0131\u011f\u0131m\u0131z \u00f6zel bir bilgisayar yaz\u0131l\u0131m\u0131 sayesinde, hakedi\u015f tanzimi, i\u015f program\u0131, b\u00fct\u00e7eleme-cost-control, depo stok kontrol gibi konularda [&hellip;]<\/p>","protected":false},"author":1,"featured_media":0,"parent":0,"menu_order":0,"comment_status":"closed","ping_status":"closed","template":"","meta":{"footnotes":""},"class_list":["post-8310","page","type-page","status-publish","hentry"],"_links":{"self":[{"href":"https:\/\/isoturk.com.tr\/en\/wp-json\/wp\/v2\/pages\/8310","targetHints":{"allow":["GET"]}}],"collection":[{"href":"https:\/\/isoturk.com.tr\/en\/wp-json\/wp\/v2\/pages"}],"about":[{"href":"https:\/\/isoturk.com.tr\/en\/wp-json\/wp\/v2\/types\/page"}],"author":[{"embeddable":true,"href":"https:\/\/isoturk.com.tr\/en\/wp-json\/wp\/v2\/users\/1"}],"replies":[{"embeddable":true,"href":"https:\/\/isoturk.com.tr\/en\/wp-json\/wp\/v2\/comments?post=8310"}],"version-history":[{"count":0,"href":"https:\/\/isoturk.com.tr\/en\/wp-json\/wp\/v2\/pages\/8310\/revisions"}],"wp:attachment":[{"href":"https:\/\/isoturk.com.tr\/en\/wp-json\/wp\/v2\/media?parent=8310"}],"curies":[{"name":"wp","href":"https:\/\/api.w.org\/{rel}","templated":true}]}}