{"id":9093,"date":"2023-04-15T16:24:23","date_gmt":"2023-04-15T13:24:23","guid":{"rendered":"http:\/\/localhost\/ist\/?page_id=9093"},"modified":"2025-10-27T14:41:58","modified_gmt":"2025-10-27T11:41:58","slug":"konut-projeleri","status":"publish","type":"page","link":"https:\/\/isoturk.com.tr\/en\/konut-projeleri\/","title":{"rendered":"Housing Projects"},"content":{"rendered":"<div data-elementor-type=\"wp-page\" data-elementor-id=\"9093\" class=\"elementor elementor-9093\">\n\t\t\t\t\t\t\t        <section class=\"elementor-section elementor-top-section elementor-element elementor-element-827034e elementor-section-content-middle elementor-section-boxed elementor-section-height-default elementor-section-height-default ct-header-fixed-none ct-row-max-none\" data-id=\"827034e\" data-element_type=\"section\">\n            \n                        <div class=\"elementor-container elementor-column-gap-extended\">\n                    <div class=\"elementor-column elementor-col-50 elementor-top-column elementor-element elementor-element-912922d\" data-id=\"912922d\" data-element_type=\"column\">\n            <div class=\"elementor-widget-wrap elementor-element-populated\">\n                        \t\t<div class=\"elementor-element elementor-element-72c982c elementor-widget elementor-widget-ct_heading\" data-id=\"72c982c\" data-element_type=\"widget\" data-widget_type=\"ct_heading.default\">\n\t\t\t\t<div class=\"elementor-widget-container\">\n\t\t\t<div id=\"ct_heading-72c982c\" class=\"ct-heading h-align- sub- ct-heading-left item-st-line-left1\">\r\n\t<div class=\"ct-item--inner\">\r\n        <div class=\"ct-inline-css\"  data-css=\"            \">\r\n        <\/div>\r\n                <h3 class=\"item--title st-line-left1 case-animate-time\" data-wow-delay=\"ms\">\r\n                        <span class=\"sp-main\">\r\n                                    <i><\/i>\r\n                \r\n                Housing Projects\r\n                \r\n                            <\/span>\r\n                    <\/h3>\r\n    <\/div>\r\n<\/div>\t\t<\/div>\n\t\t\t\t<\/div>\n\t\t            <\/div>\n        <\/div>\n                <div class=\"elementor-column elementor-col-50 elementor-top-column elementor-element elementor-element-a379f08\" data-id=\"a379f08\" data-element_type=\"column\">\n            <div class=\"elementor-widget-wrap elementor-element-populated\">\n                        \t\t<div class=\"elementor-element elementor-element-dd68f41 elementor-widget elementor-widget-text-editor\" data-id=\"dd68f41\" data-element_type=\"widget\" data-widget_type=\"text-editor.default\">\n\t\t\t\t<div class=\"elementor-widget-container\">\n\t\t\t<style>\/*! elementor - v3.18.0 - 20-12-2023 *\/\n.elementor-widget-text-editor.elementor-drop-cap-view-stacked .elementor-drop-cap{background-color:#69727d;color:#fff}.elementor-widget-text-editor.elementor-drop-cap-view-framed .elementor-drop-cap{color:#69727d;border:3px solid;background-color:transparent}.elementor-widget-text-editor:not(.elementor-drop-cap-view-default) .elementor-drop-cap{margin-top:8px}.elementor-widget-text-editor:not(.elementor-drop-cap-view-default) .elementor-drop-cap-letter{width:1em;height:1em}.elementor-widget-text-editor .elementor-drop-cap{float:left;text-align:center;line-height:1;font-size:50px}.elementor-widget-text-editor .elementor-drop-cap-letter{display:inline-block}<\/style>\t\t\t\t<p>Our company is an experienced company operating with its expert staff in service buildings, rough and fine construction works, strengthening of buildings against earthquakes, supervision and consultancy services, factory buildings, school and university buildings.<\/p>\t\t\t\t\t\t<\/div>\n\t\t\t\t<\/div>\n\t\t            <\/div>\n        <\/div>\n                            <\/div>\n        <\/section>\n                <section class=\"elementor-section elementor-top-section elementor-element elementor-element-f092f38 elementor-section-boxed elementor-section-height-default elementor-section-height-default ct-header-fixed-none ct-row-max-none\" data-id=\"f092f38\" data-element_type=\"section\">\n            \n                        <div class=\"elementor-container elementor-column-gap-extended\">\n                    <div class=\"elementor-column elementor-col-100 elementor-top-column elementor-element elementor-element-296c4e6\" data-id=\"296c4e6\" data-element_type=\"column\">\n            <div class=\"elementor-widget-wrap elementor-element-populated\">\n                        \t\t<div class=\"elementor-element elementor-element-5342731 elementor-widget elementor-widget-ct_portfolio_grid\" data-id=\"5342731\" data-element_type=\"widget\" data-widget_type=\"ct_portfolio_grid.default\">\n\t\t\t\t<div class=\"elementor-widget-container\">\n\t\t\t\r\n<div id=\"ct_portfolio_grid-5342731\" class=\"ct-grid ct-portfolio-grid1\" data-layout=\"masonry\" data-start-page=\"1\" data-max-pages=\"1\" data-total=\"4\" data-perpage=\"8\" data-next-link=\"\">\r\n    <div class=\"ct-grid-overlay\"><\/div>\r\n    \r\n    <div class=\"ct-grid-inner ct-grid-masonry row animate-time\" data-gutter=\"15\">\r\n                            <div class=\"grid-item col-xl-3 col-lg-3 col-md-6 col-sm-6 col-12 ct-term-42\">\r\n                        <div class=\"grid-item-inner wow flipInY\">\r\n                            <div class=\"item--featured\">\r\n                                <img fetchpriority=\"high\" decoding=\"async\" width=\"400\" height=\"400\" src=\"https:\/\/isoturk.com.tr\/wp-content\/uploads\/2023\/04\/ARC-Silva-ANA.jpg\" class=\"disable-lazy no-lazyload attachment-full\" alt=\"\" \/>                            <\/div>\r\n                            <div class=\"item--holder\">\r\n                                                                    <div class=\"item--meta\">\r\n                                                                                    <h3 class=\"item--title\"><a href=\"https:\/\/isoturk.com.tr\/en\/Projelerimiz\/arcsilva-konut-projesi\/\">Arcsilva Housing Project<\/a><\/h3>\r\n                                                                                                                            <div class=\"item--category\">\r\n                                                <a href=\"https:\/\/isoturk.com.tr\/en\/portfolio-category\/konut-projeleri\/\" rel=\"tag\">Housing Projects<\/a>                                            <\/div>\r\n                                                                            <\/div>\r\n                                                                            <div class=\"item--readmore\">\r\n                                            <a href=\"https:\/\/isoturk.com.tr\/en\/Projelerimiz\/arcsilva-konut-projesi\/\"><i class=\"ct-icon-plus-lg\"><\/i><\/a>\r\n                                        <\/div>\r\n                                                                                                <\/div>\r\n                        <\/div>\r\n                    <\/div>\r\n                                                <div class=\"grid-item col-xl-3 col-lg-3 col-md-6 col-sm-6 col-12 ct-term-42\">\r\n                        <div class=\"grid-item-inner wow flipInY\">\r\n                            <div class=\"item--featured\">\r\n                                <img decoding=\"async\" width=\"400\" height=\"400\" src=\"https:\/\/isoturk.com.tr\/wp-content\/uploads\/2023\/04\/Kemerburgaz-ANA.jpg\" class=\"disable-lazy no-lazyload attachment-full\" alt=\"\" \/>                            <\/div>\r\n                            <div class=\"item--holder\">\r\n                                                                    <div class=\"item--meta\">\r\n                                                                                    <h3 class=\"item--title\"><a href=\"https:\/\/isoturk.com.tr\/en\/Projelerimiz\/kemerburgaz-konut-projesi\/\">Kemerburgaz Housing Project<\/a><\/h3>\r\n                                                                                                                            <div class=\"item--category\">\r\n                                                <a href=\"https:\/\/isoturk.com.tr\/en\/portfolio-category\/konut-projeleri\/\" rel=\"tag\">Housing Projects<\/a>                                            <\/div>\r\n                                                                            <\/div>\r\n                                                                            <div class=\"item--readmore\">\r\n                                            <a href=\"https:\/\/isoturk.com.tr\/en\/Projelerimiz\/kemerburgaz-konut-projesi\/\"><i class=\"ct-icon-plus-lg\"><\/i><\/a>\r\n                                        <\/div>\r\n                                                                                                <\/div>\r\n                        <\/div>\r\n                    <\/div>\r\n                                                <div class=\"grid-item col-xl-3 col-lg-3 col-md-6 col-sm-6 col-12 ct-term-42\">\r\n                        <div class=\"grid-item-inner wow flipInY\">\r\n                            <div class=\"item--featured\">\r\n                                <img decoding=\"async\" width=\"400\" height=\"400\" src=\"https:\/\/isoturk.com.tr\/wp-content\/uploads\/2023\/04\/Sariyer-ANA.jpg\" class=\"disable-lazy no-lazyload attachment-full\" alt=\"\" \/>                            <\/div>\r\n                            <div class=\"item--holder\">\r\n                                                                    <div class=\"item--meta\">\r\n                                                                                    <h3 class=\"item--title\"><a href=\"https:\/\/isoturk.com.tr\/en\/Projelerimiz\/sariyer-konut-projesi\/\">Sariyer Housing Project<\/a><\/h3>\r\n                                                                                                                            <div class=\"item--category\">\r\n                                                <a href=\"https:\/\/isoturk.com.tr\/en\/portfolio-category\/konut-projeleri\/\" rel=\"tag\">Housing Projects<\/a>                                            <\/div>\r\n                                                                            <\/div>\r\n                                                                            <div class=\"item--readmore\">\r\n                                            <a href=\"https:\/\/isoturk.com.tr\/en\/Projelerimiz\/sariyer-konut-projesi\/\"><i class=\"ct-icon-plus-lg\"><\/i><\/a>\r\n                                        <\/div>\r\n                                                                                                <\/div>\r\n                        <\/div>\r\n                    <\/div>\r\n                                                <div class=\"grid-item col-xl-3 col-lg-3 col-md-6 col-sm-6 col-12 ct-term-42\">\r\n                        <div class=\"grid-item-inner wow flipInY\">\r\n                            <div class=\"item--featured\">\r\n                                <img loading=\"lazy\" decoding=\"async\" width=\"400\" height=\"400\" src=\"https:\/\/isoturk.com.tr\/wp-content\/uploads\/2023\/04\/Bahcelievler-ANA.jpg\" class=\"disable-lazy no-lazyload attachment-full\" alt=\"\" \/>                            <\/div>\r\n                            <div class=\"item--holder\">\r\n                                                                    <div class=\"item--meta\">\r\n                                                                                    <h3 class=\"item--title\"><a href=\"https:\/\/isoturk.com.tr\/en\/Projelerimiz\/bahcelievler-konut-projesi\/\">Bah\u00e7elievler Housing Project<\/a><\/h3>\r\n                                                                                                                            <div class=\"item--category\">\r\n                                                <a href=\"https:\/\/isoturk.com.tr\/en\/portfolio-category\/konut-projeleri\/\" rel=\"tag\">Housing Projects<\/a>                                            <\/div>\r\n                                                                            <\/div>\r\n                                                                            <div class=\"item--readmore\">\r\n                                            <a href=\"https:\/\/isoturk.com.tr\/en\/Projelerimiz\/bahcelievler-konut-projesi\/\"><i class=\"ct-icon-plus-lg\"><\/i><\/a>\r\n                                        <\/div>\r\n                                                                                                <\/div>\r\n                        <\/div>\r\n                    <\/div>\r\n                                                <div class=\"grid-sizer col-xl-3 col-lg-3 col-md-6 col-sm-6 col-12\"><\/div>\r\n            <\/div>\r\n        <\/div>\t\t<\/div>\n\t\t\t\t<\/div>\n\t\t            <\/div>\n        <\/div>\n                            <\/div>\n        <\/section>\n                <section class=\"elementor-section elementor-top-section elementor-element elementor-element-008c9ad elementor-section-boxed elementor-section-height-default elementor-section-height-default ct-header-fixed-none ct-row-max-none\" data-id=\"008c9ad\" data-element_type=\"section\">\n            \n                        <div class=\"elementor-container elementor-column-gap-extended\">\n                    <div class=\"elementor-column elementor-col-100 elementor-top-column elementor-element elementor-element-7170c01\" data-id=\"7170c01\" data-element_type=\"column\">\n            <div class=\"elementor-widget-wrap elementor-element-populated\">\n                        \t\t<div class=\"elementor-element elementor-element-58fbf25 elementor-widget elementor-widget-ct_clients_list\" data-id=\"58fbf25\" data-element_type=\"widget\" data-widget_type=\"ct_clients_list.default\">\n\t\t\t\t<div class=\"elementor-widget-container\">\n\t\t\t    <div class=\"ct-client1 ct-slick-slider style2\">\r\n        <div class=\"ct-clients-list-inner\">\r\n            <div class=\"ct-slick-carousel\" data-arrows=\"\" data-dots=\"\" data-pauseonhover=\"\" data-autoplay=\"true\" data-autoplayspeed=\"2000\" data-infinite=\"true\" data-speed=\"600\" data-colxs=\"2\" data-colsm=\"3\" data-colmd=\"4\" data-collg=\"4\" data-colxl=\"4\" data-dir=\"false\" data-slidestoscroll=\"1\">\r\n                                        <div class=\"slick-slide\">\r\n                            <div class=\"client-image wow zoomIn\">\r\n                                <a href=\"#\">\r\n                                    <img loading=\"lazy\" decoding=\"async\" width=\"150\" height=\"60\" src=\"https:\/\/isoturk.com.tr\/wp-content\/uploads\/2023\/04\/agt.jpg\" class=\"ct-thumb-1 attachment-full\" alt=\"\" \/>                                                                    <\/a>\r\n                            <\/div>\r\n                        <\/div>\r\n                                                            <div class=\"slick-slide\">\r\n                            <div class=\"client-image wow zoomIn\">\r\n                                <a href=\"#\">\r\n                                    <img loading=\"lazy\" decoding=\"async\" width=\"150\" height=\"60\" src=\"https:\/\/isoturk.com.tr\/wp-content\/uploads\/2023\/04\/ali-raif.jpg\" class=\"ct-thumb-1 attachment-full\" alt=\"\" \/>                                                                    <\/a>\r\n                            <\/div>\r\n                        <\/div>\r\n                                                            <div class=\"slick-slide\">\r\n                            <div class=\"client-image wow zoomIn\">\r\n                                <a href=\"#\">\r\n                                    <img loading=\"lazy\" decoding=\"async\" width=\"450\" height=\"60\" src=\"https:\/\/isoturk.com.tr\/wp-content\/uploads\/2023\/04\/astas.jpg\" class=\"ct-thumb-1 attachment-full\" alt=\"\" \/>                                                                    <\/a>\r\n                            <\/div>\r\n                        <\/div>\r\n                                                            <div class=\"slick-slide\">\r\n                            <div class=\"client-image wow zoomIn\">\r\n                                <a href=\"#\">\r\n                                    <img loading=\"lazy\" decoding=\"async\" width=\"169\" height=\"60\" src=\"https:\/\/isoturk.com.tr\/wp-content\/uploads\/2023\/04\/calik.jpg\" class=\"ct-thumb-1 attachment-full\" alt=\"\" \/>                                                                    <\/a>\r\n                            <\/div>\r\n                        <\/div>\r\n                                                            <div class=\"slick-slide\">\r\n                            <div class=\"client-image wow zoomIn\">\r\n                                <a href=\"#\">\r\n                                    <img loading=\"lazy\" decoding=\"async\" width=\"300\" height=\"60\" src=\"https:\/\/isoturk.com.tr\/wp-content\/uploads\/2023\/04\/canakkale.jpg\" class=\"ct-thumb-1 attachment-full\" alt=\"\" \/>                                                                    <\/a>\r\n                            <\/div>\r\n                        <\/div>\r\n                                                            <div class=\"slick-slide\">\r\n                            <div class=\"client-image wow zoomIn\">\r\n                                <a href=\"#\">\r\n                                    <img loading=\"lazy\" decoding=\"async\" width=\"230\" height=\"60\" src=\"https:\/\/isoturk.com.tr\/wp-content\/uploads\/2023\/04\/eczacibasi.jpg\" class=\"ct-thumb-1 attachment-full\" alt=\"\" \/>                                                                    <\/a>\r\n                            <\/div>\r\n                        <\/div>\r\n                                                            <div class=\"slick-slide\">\r\n                            <div class=\"client-image wow zoomIn\">\r\n                                <a href=\"#\">\r\n                                    <img loading=\"lazy\" decoding=\"async\" width=\"97\" height=\"60\" src=\"https:\/\/isoturk.com.tr\/wp-content\/uploads\/2023\/04\/keresteciler.jpg\" class=\"ct-thumb-1 attachment-full\" alt=\"\" \/>                                                                    <\/a>\r\n                            <\/div>\r\n                        <\/div>\r\n                                                            <div class=\"slick-slide\">\r\n                            <div class=\"client-image wow zoomIn\">\r\n                                <a href=\"#\">\r\n                                    <img loading=\"lazy\" decoding=\"async\" width=\"300\" height=\"60\" src=\"https:\/\/isoturk.com.tr\/wp-content\/uploads\/2023\/04\/serifoglu.jpg\" class=\"ct-thumb-1 attachment-full\" alt=\"\" \/>                                                                    <\/a>\r\n                            <\/div>\r\n                        <\/div>\r\n                                                            <div class=\"slick-slide\">\r\n                            <div class=\"client-image wow zoomIn\">\r\n                                <a href=\"#\">\r\n                                    <img loading=\"lazy\" decoding=\"async\" width=\"255\" height=\"60\" src=\"https:\/\/isoturk.com.tr\/wp-content\/uploads\/2023\/04\/silkar.jpg\" class=\"ct-thumb-1 attachment-full\" alt=\"\" \/>                                                                    <\/a>\r\n                            <\/div>\r\n                        <\/div>\r\n                                                            <div class=\"slick-slide\">\r\n                            <div class=\"client-image wow zoomIn\">\r\n                                <a href=\"#\">\r\n                                    <img loading=\"lazy\" decoding=\"async\" width=\"255\" height=\"60\" src=\"https:\/\/isoturk.com.tr\/wp-content\/uploads\/2023\/04\/sisecam.jpg\" class=\"ct-thumb-1 attachment-full\" alt=\"\" \/>                                                                    <\/a>\r\n                            <\/div>\r\n                        <\/div>\r\n                                                            <div class=\"slick-slide\">\r\n                            <div class=\"client-image wow zoomIn\">\r\n                                <a href=\"#\">\r\n                                    <img loading=\"lazy\" decoding=\"async\" width=\"350\" height=\"60\" src=\"https:\/\/isoturk.com.tr\/wp-content\/uploads\/2023\/04\/starwood.jpg\" class=\"ct-thumb-1 attachment-full\" alt=\"\" \/>                                                                    <\/a>\r\n                            <\/div>\r\n                        <\/div>\r\n                                                            <div class=\"slick-slide\">\r\n                            <div class=\"client-image wow zoomIn\">\r\n                                <a href=\"#\">\r\n                                    <img loading=\"lazy\" decoding=\"async\" width=\"116\" height=\"60\" src=\"https:\/\/isoturk.com.tr\/wp-content\/uploads\/2023\/04\/tekfen.jpg\" class=\"ct-thumb-1 attachment-full\" alt=\"\" \/>                                                                    <\/a>\r\n                            <\/div>\r\n                        <\/div>\r\n                                                            <div class=\"slick-slide\">\r\n                            <div class=\"client-image wow zoomIn\">\r\n                                <a href=\"#\">\r\n                                    <img loading=\"lazy\" decoding=\"async\" width=\"150\" height=\"60\" src=\"https:\/\/isoturk.com.tr\/wp-content\/uploads\/2023\/04\/turkon.jpg\" class=\"ct-thumb-1 attachment-full\" alt=\"\" \/>                                                                    <\/a>\r\n                            <\/div>\r\n                        <\/div>\r\n                                                <\/div>\r\n        <\/div>\r\n    <\/div>\r\n\t\t<\/div>\n\t\t\t\t<\/div>\n\t\t            <\/div>\n        <\/div>\n                            <\/div>\n        <\/section>\n        \t\t\t\t\t<\/div>","protected":false},"excerpt":{"rendered":"<p>Konut Projeleri Firmam\u0131z, hizmet binalar\u0131, kaba ve ince in\u015faat i\u015fleri, binalar\u0131n depreme kar\u015f\u0131 g\u00fc\u00e7lendirilmesi, kontroll\u00fck ve dan\u0131\u015fmanl\u0131k hizmetleri, fabrika binalar\u0131, okul, \u00fcniversite binalar\u0131 i\u015flerinde uzman kadrosu ile faaliyet g\u00f6steren deneyimli bir firmad\u0131r. Arcsilva Konut Projesi Konut Projeleri Kemerburgaz Konut Projesi Konut Projeleri Sar\u0131yer Konut Projesi Konut Projeleri Bah\u00e7elievler Konut Projesi Konut Projeleri<\/p>","protected":false},"author":1,"featured_media":0,"parent":0,"menu_order":0,"comment_status":"closed","ping_status":"closed","template":"","meta":{"footnotes":""},"class_list":["post-9093","page","type-page","status-publish","hentry"],"_links":{"self":[{"href":"https:\/\/isoturk.com.tr\/en\/wp-json\/wp\/v2\/pages\/9093","targetHints":{"allow":["GET"]}}],"collection":[{"href":"https:\/\/isoturk.com.tr\/en\/wp-json\/wp\/v2\/pages"}],"about":[{"href":"https:\/\/isoturk.com.tr\/en\/wp-json\/wp\/v2\/types\/page"}],"author":[{"embeddable":true,"href":"https:\/\/isoturk.com.tr\/en\/wp-json\/wp\/v2\/users\/1"}],"replies":[{"embeddable":true,"href":"https:\/\/isoturk.com.tr\/en\/wp-json\/wp\/v2\/comments?post=9093"}],"version-history":[{"count":3,"href":"https:\/\/isoturk.com.tr\/en\/wp-json\/wp\/v2\/pages\/9093\/revisions"}],"predecessor-version":[{"id":10064,"href":"https:\/\/isoturk.com.tr\/en\/wp-json\/wp\/v2\/pages\/9093\/revisions\/10064"}],"wp:attachment":[{"href":"https:\/\/isoturk.com.tr\/en\/wp-json\/wp\/v2\/media?parent=9093"}],"curies":[{"name":"wp","href":"https:\/\/api.w.org\/{rel}","templated":true}]}}